{"id":1576,"date":"2014-01-25T20:34:22","date_gmt":"2014-01-25T20:34:22","guid":{"rendered":"https:\/\/alidasantamaria.com\/web\/?page_id=1576"},"modified":"2018-05-19T17:26:55","modified_gmt":"2018-05-19T17:26:55","slug":"cirugia-post-bariatrica","status":"publish","type":"page","link":"https:\/\/alidasantamaria.com\/web\/cirugia-post-bariatrica\/","title":{"rendered":"Cirug\u00eda Post Bariatrica"},"content":{"rendered":"<p><div class=\"fusion-fullwidth fullwidth-box fusion-builder-row-1 nonhundred-percent-fullwidth non-hundred-percent-height-scrolling\" style=\"--awb-border-radius-top-left:0px;--awb-border-radius-top-right:0px;--awb-border-radius-bottom-right:0px;--awb-border-radius-bottom-left:0px;--awb-flex-wrap:wrap;\" ><div class=\"fusion-builder-row fusion-row\"><div class=\"fusion-layout-column fusion_builder_column fusion-builder-column-0 fusion_builder_column_1_2 1_2 fusion-one-half fusion-column-first\" style=\"--awb-bg-size:cover;width:50%;width:calc(50% - ( ( 4% ) * 0.5 ) );margin-right: 4%;\"><div class=\"fusion-column-wrapper fusion-flex-column-wrapper-legacy\"><div class=\"fusion-text fusion-text-1\"><div style=\"width: 848px;\" class=\"wp-video\"><video class=\"wp-video-shortcode\" id=\"video-1576-1\" width=\"848\" height=\"480\" autoplay preload=\"metadata\" controls=\"controls\"><source type=\"video\/mp4\" src=\"https:\/\/alidasantamaria.com\/web\/wp-content\/uploads\/2018\/05\/CIRUG\u00cdA%20POST%20BARIATRICA%20-%20DRA.%20ALIDA%20SANTAMARIA.mp4?_=1\" \/><a href=\"https:\/\/alidasantamaria.com\/web\/wp-content\/uploads\/2018\/05\/CIRUG\u00cdA%20POST%20BARIATRICA%20-%20DRA.%20ALIDA%20SANTAMARIA.mp4\">https:\/\/alidasantamaria.com\/web\/wp-content\/uploads\/2018\/05\/CIRUG\u00cdA%20POST%20BARIATRICA%20-%20DRA.%20ALIDA%20SANTAMARIA.mp4<\/a><\/video><\/div>\n<\/div><div class=\"fusion-clearfix\"><\/div><\/div><\/div><div class=\"fusion-layout-column fusion_builder_column fusion-builder-column-1 fusion_builder_column_1_2 1_2 fusion-one-half fusion-column-last\" style=\"--awb-bg-size:cover;width:50%;width:calc(50% - ( ( 4% ) * 0.5 ) );\"><div class=\"fusion-column-wrapper fusion-flex-column-wrapper-legacy\"><div class=\"fusion-text fusion-text-2\"><p>En aquellos pacientes que han sufrido de obesidad importante quienes, ya sea por mejorar sus h\u00e1bitos o por haberse sometido a una cirug\u00eda bariatrica han bajado de peso de manera importante, existe la posibilidad de retirar y reconstruir en contorno corporal mediante varias alternativas dependiendo del caso en particular como son las dermo lipectomias en \u00e1reas del cuerpo como son los brazos, t\u00f3rax, mamas, abdomen, muslos. Igualmente se puede reposicionar el tejido del pubis que suele descender, mejorar el aspecto de la cara donde tambi\u00e9n puede quedar exceso y ca\u00edda de los tejidos entre otras alternativas. En general el paciente post bariatrico corresponde a una de las consultas m\u00e1s frecuentes en mi pr\u00e1ctica profesional. Durante la consulta podremos definir cu\u00e1l es la mejor alternativa en su caso particular.<\/p>\n<\/div><div class=\"fusion-clearfix\"><\/div><\/div><\/div><div class=\"fusion-layout-column fusion_builder_column fusion-builder-column-2 fusion_builder_column_1_1 1_1 fusion-one-full fusion-column-first fusion-column-last\" style=\"--awb-bg-size:cover;\"><div class=\"fusion-column-wrapper fusion-flex-column-wrapper-legacy\"><div class=\"accordian fusion-accordian\" style=\"--awb-border-size:1px;--awb-icon-size:13px;--awb-content-font-size:15px;--awb-icon-alignment:left;--awb-hover-color:#f9f9f9;--awb-border-color:#cccccc;--awb-background-color:#ffffff;--awb-divider-color:#e0dede;--awb-divider-hover-color:#e0dede;--awb-icon-color:#ffffff;--awb-title-color:#333333;--awb-content-color:#747474;--awb-icon-box-color:#333333;--awb-toggle-hover-accent-color:#a0ce4e;--awb-title-font-family:&quot;Antic Slab&quot;;--awb-title-font-weight:400;--awb-title-font-style:normal;--awb-content-font-family:&quot;PT Sans&quot;;--awb-content-font-style:normal;--awb-content-font-weight:400;\"><div class=\"panel-group fusion-toggle-icon-boxed\" id=\"accordion-1576-1\"><div class=\"fusion-panel panel-default panel-7179b921e0fc7edbd fusion-toggle-no-divider fusion-toggle-boxed-mode\"><div class=\"panel-heading\"><h4 class=\"panel-title toggle\" id=\"toggle_7179b921e0fc7edbd\"><a aria-expanded=\"false\" aria-controls=\"7179b921e0fc7edbd\" role=\"button\" data-toggle=\"collapse\" data-parent=\"#accordion-1576-1\" data-target=\"#7179b921e0fc7edbd\" href=\"#7179b921e0fc7edbd\"><span class=\"fusion-toggle-icon-wrapper\" aria-hidden=\"true\"><i class=\"fa-fusion-box active-icon awb-icon-minus\" aria-hidden=\"true\"><\/i><i class=\"fa-fusion-box inactive-icon awb-icon-plus\" aria-hidden=\"true\"><\/i><\/span><span class=\"fusion-toggle-heading\">\u00bfCu\u00e1l es el mejor momento para hacer una cirug\u00eda post bariatrica?<\/span><\/a><\/h4><\/div><div id=\"7179b921e0fc7edbd\" class=\"panel-collapse collapse \" aria-labelledby=\"toggle_7179b921e0fc7edbd\"><div class=\"panel-body toggle-content fusion-clearfix\">\n<p>No existe una regla que le indique el tiempo exacto. Depende de la respuesta individual despu\u00e9s de la cirug\u00eda, de la velocidad de la perdida y estabilizaci\u00f3n del peso. En general se recomienda que el peso este estable unos 6 meses antes de hacer la cirug\u00eda reparadora del contorno corporal, no debe existir d\u00e9ficit de prote\u00ednas por desnutrici\u00f3n y el estado general del paciente debe ser bueno.<\/p>\n<\/div><\/div><\/div><div class=\"fusion-panel panel-default panel-fa46a6bcdc3ee9b91 fusion-toggle-no-divider fusion-toggle-boxed-mode\"><div class=\"panel-heading\"><h4 class=\"panel-title toggle\" id=\"toggle_fa46a6bcdc3ee9b91\"><a aria-expanded=\"false\" aria-controls=\"fa46a6bcdc3ee9b91\" role=\"button\" data-toggle=\"collapse\" data-parent=\"#accordion-1576-1\" data-target=\"#fa46a6bcdc3ee9b91\" href=\"#fa46a6bcdc3ee9b91\"><span class=\"fusion-toggle-icon-wrapper\" aria-hidden=\"true\"><i class=\"fa-fusion-box active-icon awb-icon-minus\" aria-hidden=\"true\"><\/i><i class=\"fa-fusion-box inactive-icon awb-icon-plus\" aria-hidden=\"true\"><\/i><\/span><span class=\"fusion-toggle-heading\">\u00bfQui\u00e9nes son candidatos a una cirug\u00eda post bariatrica o post p\u00e9rdida masiva de peso?<\/span><\/a><\/h4><\/div><div id=\"fa46a6bcdc3ee9b91\" class=\"panel-collapse collapse \" aria-labelledby=\"toggle_fa46a6bcdc3ee9b91\"><div class=\"panel-body toggle-content fusion-clearfix\">\n<p>Los pacientes que han tenido una p\u00e9rdida masiva de peso en quienes se presenta un marcado exceso de piel. Este exceso puede producir problemas como infecciones cut\u00e1neas a repetici\u00f3n, sudoraci\u00f3n y mal olor en los pliegues, limitaci\u00f3n para vestirse, para actividades diarias, para actividades fisiol\u00f3gicas como una adecuada micci\u00f3n por el descenso del pubis, etc.<\/p>\n<\/div><\/div><\/div><\/div><\/div><div class=\"fusion-clearfix\"><\/div><\/div><\/div><\/div><\/div><div class=\"fusion-fullwidth fullwidth-box fusion-builder-row-2 nonhundred-percent-fullwidth non-hundred-percent-height-scrolling\" style=\"--awb-border-radius-top-left:0px;--awb-border-radius-top-right:0px;--awb-border-radius-bottom-right:0px;--awb-border-radius-bottom-left:0px;--awb-flex-wrap:wrap;\" ><div class=\"fusion-builder-row fusion-row\"><div class=\"fusion-layout-column fusion_builder_column fusion-builder-column-3 fusion_builder_column_1_1 1_1 fusion-one-full fusion-column-first fusion-column-last\" style=\"--awb-bg-size:cover;\"><div class=\"fusion-column-wrapper fusion-flex-column-wrapper-legacy\"><div class=\"fusion-sep-clear\"><\/div><div class=\"fusion-separator fusion-has-icon fusion-full-width-sep\" style=\"margin-left: auto;margin-right: auto;margin-top:45px;margin-bottom:45px;width:100%;\"><div class=\"fusion-separator-border sep-double sep-solid\" style=\"--awb-height:20px;--awb-amount:20px;--awb-sep-color:#03a9f4;border-color:#03a9f4;border-top-width:1px;border-bottom-width:1px;\"><\/div><span class=\"icon-wrapper\" style=\"border-color:#03a9f4;background-color:rgba(255,255,255,0);font-size:15px;width: 1.75em; height: 1.75em;border-width:1px;padding:1px;\"><i class=\" fa fa-picture-o\" style=\"font-size: inherit;color:#03a9f4;\" aria-hidden=\"true\"><\/i><\/span><div class=\"fusion-separator-border sep-double sep-solid\" style=\"--awb-height:20px;--awb-amount:20px;--awb-sep-color:#03a9f4;border-color:#03a9f4;border-top-width:1px;border-bottom-width:1px;\"><\/div><\/div><div class=\"fusion-sep-clear\"><\/div><div class=\"fusion-text fusion-text-3\"><p style=\"text-align: center;\"><span style=\"color: #119cd4; font-size: 22px;\"><strong>Algunos de mis pacientes<\/strong><\/span><\/p>\n<\/div><div class=\"fusion-clearfix\"><\/div><\/div><\/div><div class=\"fusion-layout-column fusion_builder_column fusion-builder-column-4 fusion_builder_column_1_3 1_3 fusion-one-third fusion-column-first\" style=\"--awb-bg-size:cover;width:33.333333333333%;width:calc(33.333333333333% - ( ( 4% + 4% ) * 0.33333333333333 ) );margin-right: 4%;\"><div class=\"fusion-column-wrapper fusion-flex-column-wrapper-legacy\"><a class=\"awb-lightbox awb-lightbox-1\" href=\"https:\/\/alidasantamaria.com\/web\/wp-content\/uploads\/2018\/05\/lipectomia-postbariatrica-1024x540.jpg\" data-rel=\"iLightbox\"><img decoding=\"async\" src=\"https:\/\/alidasantamaria.com\/web\/wp-content\/uploads\/2018\/05\/lipectomia-postbariatrica-1024x540.jpg\"><\/a><div class=\"fusion-clearfix\"><\/div><\/div><\/div><div class=\"fusion-layout-column fusion_builder_column fusion-builder-column-5 fusion_builder_column_1_3 1_3 fusion-one-third\" style=\"--awb-bg-size:cover;width:33.333333333333%;width:calc(33.333333333333% - ( ( 4% + 4% ) * 0.33333333333333 ) );margin-right: 4%;\"><div class=\"fusion-column-wrapper fusion-flex-column-wrapper-legacy\"><a class=\"awb-lightbox awb-lightbox-2\" href=\"https:\/\/alidasantamaria.com\/web\/wp-content\/uploads\/2014\/01\/Dra-alida-santamaria-post-bariatrica-1.jpg\" data-rel=\"iLightbox\"><img decoding=\"async\" src=\"https:\/\/alidasantamaria.com\/web\/wp-content\/uploads\/2014\/01\/Dra-alida-santamaria-post-bariatrica-1-1024x540.jpg\"><\/a><div class=\"fusion-clearfix\"><\/div><\/div><\/div><div class=\"fusion-layout-column fusion_builder_column fusion-builder-column-6 fusion_builder_column_1_3 1_3 fusion-one-third fusion-column-last\" style=\"--awb-bg-size:cover;width:33.333333333333%;width:calc(33.333333333333% - ( ( 4% + 4% ) * 0.33333333333333 ) );\"><div class=\"fusion-column-wrapper fusion-flex-column-wrapper-legacy\"><a class=\"awb-lightbox awb-lightbox-3\" href=\"https:\/\/alidasantamaria.com\/web\/wp-content\/uploads\/2014\/01\/Dra-alida-santamaria-post-bariatrica-2.jpg\" data-rel=\"iLightbox\"><img decoding=\"async\" src=\"https:\/\/alidasantamaria.com\/web\/wp-content\/uploads\/2014\/01\/Dra-alida-santamaria-post-bariatrica-2-1024x540.jpg\"><\/a><div class=\"fusion-clearfix\"><\/div><\/div><\/div><\/div><\/div><\/p>\n","protected":false},"excerpt":{"rendered":"","protected":false},"author":1,"featured_media":0,"parent":0,"menu_order":0,"comment_status":"open","ping_status":"open","template":"","meta":{"footnotes":""},"class_list":["post-1576","page","type-page","status-publish","hentry"],"_links":{"self":[{"href":"https:\/\/alidasantamaria.com\/web\/wp-json\/wp\/v2\/pages\/1576","targetHints":{"allow":["GET"]}}],"collection":[{"href":"https:\/\/alidasantamaria.com\/web\/wp-json\/wp\/v2\/pages"}],"about":[{"href":"https:\/\/alidasantamaria.com\/web\/wp-json\/wp\/v2\/types\/page"}],"author":[{"embeddable":true,"href":"https:\/\/alidasantamaria.com\/web\/wp-json\/wp\/v2\/users\/1"}],"replies":[{"embeddable":true,"href":"https:\/\/alidasantamaria.com\/web\/wp-json\/wp\/v2\/comments?post=1576"}],"version-history":[{"count":18,"href":"https:\/\/alidasantamaria.com\/web\/wp-json\/wp\/v2\/pages\/1576\/revisions"}],"predecessor-version":[{"id":2239,"href":"https:\/\/alidasantamaria.com\/web\/wp-json\/wp\/v2\/pages\/1576\/revisions\/2239"}],"wp:attachment":[{"href":"https:\/\/alidasantamaria.com\/web\/wp-json\/wp\/v2\/media?parent=1576"}],"curies":[{"name":"wp","href":"https:\/\/api.w.org\/{rel}","templated":true}]}}