{"id":1562,"date":"2014-01-25T20:07:28","date_gmt":"2014-01-25T20:07:28","guid":{"rendered":"https:\/\/alidasantamaria.com\/web\/?page_id=1562"},"modified":"2018-05-19T17:43:40","modified_gmt":"2018-05-19T17:43:40","slug":"mamoplastia-de-aumento","status":"publish","type":"page","link":"https:\/\/alidasantamaria.com\/web\/mamoplastia-de-aumento\/","title":{"rendered":"Mamoplastia de aumento"},"content":{"rendered":"<div class=\"fusion-fullwidth fullwidth-box fusion-builder-row-1 nonhundred-percent-fullwidth non-hundred-percent-height-scrolling\" style=\"--awb-border-radius-top-left:0px;--awb-border-radius-top-right:0px;--awb-border-radius-bottom-right:0px;--awb-border-radius-bottom-left:0px;--awb-flex-wrap:wrap;\" ><div class=\"fusion-builder-row fusion-row\"><div class=\"fusion-layout-column fusion_builder_column fusion-builder-column-0 fusion_builder_column_1_2 1_2 fusion-one-half fusion-column-first\" style=\"--awb-bg-size:cover;width:50%;width:calc(50% - ( ( 4% ) * 0.5 ) );margin-right: 4%;\"><div class=\"fusion-column-wrapper fusion-flex-column-wrapper-legacy\"><div class=\"fusion-video fusion-youtube\" style=\"--awb-max-width:600px;--awb-max-height:360px;\"><div class=\"video-shortcode\"><div class=\"fluid-width-video-wrapper\" style=\"padding-top:60%;\" ><iframe title=\"YouTube video player 1\" src=\"https:\/\/www.youtube.com\/embed\/nmsPQhQ73kA?wmode=transparent&autoplay=0&oida=1\" width=\"600\" height=\"360\" allowfullscreen allow=\"autoplay; clipboard-write; encrypted-media; gyroscope; picture-in-picture;\"><\/iframe><\/div><\/div><\/div><div class=\"fusion-clearfix\"><\/div><\/div><\/div><div class=\"fusion-layout-column fusion_builder_column fusion-builder-column-1 fusion_builder_column_1_2 1_2 fusion-one-half fusion-column-last\" style=\"--awb-bg-size:cover;width:50%;width:calc(50% - ( ( 4% ) * 0.5 ) );\"><div class=\"fusion-column-wrapper fusion-flex-column-wrapper-legacy\"><div class=\"fusion-text fusion-text-1\"><div style=\"width: 848px;\" class=\"wp-video\"><video class=\"wp-video-shortcode\" id=\"video-1562-1\" width=\"848\" height=\"480\" autoplay preload=\"metadata\" controls=\"controls\"><source type=\"video\/mp4\" src=\"https:\/\/alidasantamaria.com\/web\/wp-content\/uploads\/2018\/05\/IMPLANTES%20DE%20SENOS%20-%20DRA.%20ALIDA%20SANTAMARIA.mp4?_=1\" \/><a href=\"https:\/\/alidasantamaria.com\/web\/wp-content\/uploads\/2018\/05\/IMPLANTES%20DE%20SENOS%20-%20DRA.%20ALIDA%20SANTAMARIA.mp4\">https:\/\/alidasantamaria.com\/web\/wp-content\/uploads\/2018\/05\/IMPLANTES%20DE%20SENOS%20-%20DRA.%20ALIDA%20SANTAMARIA.mp4<\/a><\/video><\/div>\n<\/div><div class=\"fusion-clearfix\"><\/div><\/div><\/div><div class=\"fusion-layout-column fusion_builder_column fusion-builder-column-2 fusion_builder_column_1_1 1_1 fusion-one-full fusion-column-first fusion-column-last\" style=\"--awb-bg-size:cover;--awb-margin-bottom:0px;\"><div class=\"fusion-column-wrapper fusion-flex-column-wrapper-legacy\"><div class=\"fusion-text fusion-text-2\"><p>Con el proceso de envejecimiento, la lactancia o simplemente por caracter\u00edsticas innatas algunas mujeres encuentran el volumen de los senos m\u00e1s peque\u00f1o de lo que desear\u00edan. Para corregir esta condici\u00f3n y aumentar el volumen de los pechos existe la alternativa de la mamoplastia de aumento. Es una cirug\u00eda ambulatoria, con anestesia general donde se colocan implantes debajo del musculo o de las gl\u00e1ndulas mamarias para dar mayor volumen y as\u00ed dar un aspecto m\u00e1s voluminoso y juvenil.<\/p>\n<\/div><div class=\"fusion-sep-clear\"><\/div><div class=\"fusion-separator fusion-has-icon fusion-full-width-sep\" style=\"margin-left: auto;margin-right: auto;margin-top:35px;margin-bottom:35px;width:100%;\"><\/div><div class=\"fusion-sep-clear\"><\/div><div class=\"accordian fusion-accordian\" style=\"--awb-border-size:1px;--awb-icon-size:13px;--awb-content-font-size:15px;--awb-icon-alignment:left;--awb-hover-color:#f9f9f9;--awb-border-color:#cccccc;--awb-background-color:#ffffff;--awb-divider-color:#e0dede;--awb-divider-hover-color:#e0dede;--awb-icon-color:#ffffff;--awb-title-color:#333333;--awb-content-color:#747474;--awb-icon-box-color:#333333;--awb-toggle-hover-accent-color:#a0ce4e;--awb-title-font-family:&quot;Antic Slab&quot;;--awb-title-font-weight:400;--awb-title-font-style:normal;--awb-content-font-family:&quot;PT Sans&quot;;--awb-content-font-style:normal;--awb-content-font-weight:400;\"><div class=\"panel-group fusion-toggle-icon-boxed\" id=\"accordion-1562-1\"><div class=\"fusion-panel panel-default panel-f8fc2ff1893dc68af fusion-toggle-no-divider fusion-toggle-boxed-mode\"><div class=\"panel-heading\"><h4 class=\"panel-title toggle\" id=\"toggle_f8fc2ff1893dc68af\"><a aria-expanded=\"false\" aria-controls=\"f8fc2ff1893dc68af\" role=\"button\" data-toggle=\"collapse\" data-parent=\"#accordion-1562-1\" data-target=\"#f8fc2ff1893dc68af\" href=\"#f8fc2ff1893dc68af\"><span class=\"fusion-toggle-icon-wrapper\" aria-hidden=\"true\"><i class=\"fa-fusion-box active-icon awb-icon-minus\" aria-hidden=\"true\"><\/i><i class=\"fa-fusion-box inactive-icon awb-icon-plus\" aria-hidden=\"true\"><\/i><\/span><span class=\"fusion-toggle-heading\">\u00bfQu\u00e9 tipo de implantes existen?<\/span><\/a><\/h4><\/div><div id=\"f8fc2ff1893dc68af\" class=\"panel-collapse collapse \" aria-labelledby=\"toggle_f8fc2ff1893dc68af\"><div class=\"panel-body toggle-content fusion-clearfix\">\n<p>Actualmente se utilizan implantes rellenos de gel de silicona, recubiertos por una serie de capas que protegen su contenido. El gel tiene una textura cohesiva, es decir que no es una sustancia liquida sino que en caso de ruptura el gel se mantiene en su posici\u00f3n dificultando su migraci\u00f3n. La tecnolog\u00eda de estos implantes los hacen seguros ya que son sustancias biocompatibles autorizados para su uso en humanos con altos est\u00e1ndares de manufactura y calidad de fabricaci\u00f3n que es verificada y avalada por los entes reguladores a nivel nacional e internacional como la F.D.A.<\/p>\n<p>Hay implantes redondos, en forma anat\u00f3mica, de superficie lisa, texturizada y los de poliuretano. Estos \u00faltimos generalmente se usan en casos de contractura capsular.<\/p>\n<\/div><\/div><\/div><div class=\"fusion-panel panel-default panel-86850f88e3d3bd2ba fusion-toggle-no-divider fusion-toggle-boxed-mode\"><div class=\"panel-heading\"><h4 class=\"panel-title toggle\" id=\"toggle_86850f88e3d3bd2ba\"><a aria-expanded=\"false\" aria-controls=\"86850f88e3d3bd2ba\" role=\"button\" data-toggle=\"collapse\" data-parent=\"#accordion-1562-1\" data-target=\"#86850f88e3d3bd2ba\" href=\"#86850f88e3d3bd2ba\"><span class=\"fusion-toggle-icon-wrapper\" aria-hidden=\"true\"><i class=\"fa-fusion-box active-icon awb-icon-minus\" aria-hidden=\"true\"><\/i><i class=\"fa-fusion-box inactive-icon awb-icon-plus\" aria-hidden=\"true\"><\/i><\/span><span class=\"fusion-toggle-heading\">\u00bfA qu\u00e9 edad se puede hacer la mamoplastia de aumento?<\/span><\/a><\/h4><\/div><div id=\"86850f88e3d3bd2ba\" class=\"panel-collapse collapse \" aria-labelledby=\"toggle_86850f88e3d3bd2ba\"><div class=\"panel-body toggle-content fusion-clearfix\">\n<p>Como la mayor\u00eda de las cirug\u00edas de car\u00e1cter est\u00e9tico, el aumento del volumen de las mamas se hace una vez se ha completado el proceso de desarrollo f\u00edsico y hay una mayor madurez psicol\u00f3gica por lo que se recomienda a partir de los 18 a\u00f1os de edad.<\/p>\n<\/div><\/div><\/div><div class=\"fusion-panel panel-default panel-b6d57e476af1f9045 fusion-toggle-no-divider fusion-toggle-boxed-mode\"><div class=\"panel-heading\"><h4 class=\"panel-title toggle\" id=\"toggle_b6d57e476af1f9045\"><a aria-expanded=\"false\" aria-controls=\"b6d57e476af1f9045\" role=\"button\" data-toggle=\"collapse\" data-parent=\"#accordion-1562-1\" data-target=\"#b6d57e476af1f9045\" href=\"#b6d57e476af1f9045\"><span class=\"fusion-toggle-icon-wrapper\" aria-hidden=\"true\"><i class=\"fa-fusion-box active-icon awb-icon-minus\" aria-hidden=\"true\"><\/i><i class=\"fa-fusion-box inactive-icon awb-icon-plus\" aria-hidden=\"true\"><\/i><\/span><span class=\"fusion-toggle-heading\">\u00bfPor d\u00f3nde se introducen los implantes?<\/span><\/a><\/h4><\/div><div id=\"b6d57e476af1f9045\" class=\"panel-collapse collapse \" aria-labelledby=\"toggle_b6d57e476af1f9045\"><div class=\"panel-body toggle-content fusion-clearfix\">\n<p>Se colocan por incisiones que sean poco evidentes y camuflables como es por debajo del surco de la mama, por el reborde de la areola o por la l\u00ednea de la axila. El tipo de incisi\u00f3n se discute con la paciente en consulta para escoger la mejor opci\u00f3n seg\u00fan el caso en particular.<\/p>\n<\/div><\/div><\/div><div class=\"fusion-panel panel-default panel-f761c8904477aa355 fusion-toggle-no-divider fusion-toggle-boxed-mode\"><div class=\"panel-heading\"><h4 class=\"panel-title toggle\" id=\"toggle_f761c8904477aa355\"><a aria-expanded=\"false\" aria-controls=\"f761c8904477aa355\" role=\"button\" data-toggle=\"collapse\" data-parent=\"#accordion-1562-1\" data-target=\"#f761c8904477aa355\" href=\"#f761c8904477aa355\"><span class=\"fusion-toggle-icon-wrapper\" aria-hidden=\"true\"><i class=\"fa-fusion-box active-icon awb-icon-minus\" aria-hidden=\"true\"><\/i><i class=\"fa-fusion-box inactive-icon awb-icon-plus\" aria-hidden=\"true\"><\/i><\/span><span class=\"fusion-toggle-heading\">\u00bfQu\u00e9 cuidados se deben tener despu\u00e9s de una cirug\u00eda de aumento mamario?<\/span><\/a><\/h4><\/div><div id=\"f761c8904477aa355\" class=\"panel-collapse collapse \" aria-labelledby=\"toggle_f761c8904477aa355\"><div class=\"panel-body toggle-content fusion-clearfix\">\n<p>Es importante seguir las recomendaciones dadas por el cirujano en cada caso. En general recomiendo el uso de un brassier post operatorio de cierre por delante y sin aros met\u00e1licos durante las 24 horas al d\u00eda y hasta nueva orden medica. Evitar conducir un veh\u00edculo durante 1 mes. Dependiendo del tipo de implantes utilizado se indicaran ciertos masajes.<\/p>\n<\/div><\/div><\/div><div class=\"fusion-panel panel-default panel-c85a363676a5713bc fusion-toggle-no-divider fusion-toggle-boxed-mode\"><div class=\"panel-heading\"><h4 class=\"panel-title toggle\" id=\"toggle_c85a363676a5713bc\"><a aria-expanded=\"false\" aria-controls=\"c85a363676a5713bc\" role=\"button\" data-toggle=\"collapse\" data-parent=\"#accordion-1562-1\" data-target=\"#c85a363676a5713bc\" href=\"#c85a363676a5713bc\"><span class=\"fusion-toggle-icon-wrapper\" aria-hidden=\"true\"><i class=\"fa-fusion-box active-icon awb-icon-minus\" aria-hidden=\"true\"><\/i><i class=\"fa-fusion-box inactive-icon awb-icon-plus\" aria-hidden=\"true\"><\/i><\/span><span class=\"fusion-toggle-heading\">\u00bfQu\u00e9 complicaciones se pueden presentar con una mamoplastia de aumento?<\/span><\/a><\/h4><\/div><div id=\"c85a363676a5713bc\" class=\"panel-collapse collapse \" aria-labelledby=\"toggle_c85a363676a5713bc\"><div class=\"panel-body toggle-content fusion-clearfix\">\n<p>Como cualquier procedimiento quir\u00fargico se pueden presentar colecciones liquidas llamadas hematomas, colecciones de liquido llamado seromas, infecci\u00f3n, rechazo del implante, contractura capsular, alteraciones de la sensibilidad, asimetr\u00edas. En general son poco frecuentes pero es importante que las tenga en cuenta.<\/p>\n<\/div><\/div><\/div><div class=\"fusion-panel panel-default panel-b8f5826667c9fd740 fusion-toggle-no-divider fusion-toggle-boxed-mode\"><div class=\"panel-heading\"><h4 class=\"panel-title toggle\" id=\"toggle_b8f5826667c9fd740\"><a aria-expanded=\"false\" aria-controls=\"b8f5826667c9fd740\" role=\"button\" data-toggle=\"collapse\" data-parent=\"#accordion-1562-1\" data-target=\"#b8f5826667c9fd740\" href=\"#b8f5826667c9fd740\"><span class=\"fusion-toggle-icon-wrapper\" aria-hidden=\"true\"><i class=\"fa-fusion-box active-icon awb-icon-minus\" aria-hidden=\"true\"><\/i><i class=\"fa-fusion-box inactive-icon awb-icon-plus\" aria-hidden=\"true\"><\/i><\/span><span class=\"fusion-toggle-heading\">\u00bfCu\u00e1ndo se debe hacer cambio de los implantes?<\/span><\/a><\/h4><\/div><div id=\"b8f5826667c9fd740\" class=\"panel-collapse collapse \" aria-labelledby=\"toggle_b8f5826667c9fd740\"><div class=\"panel-body toggle-content fusion-clearfix\">\n<p>Los implantes si bien est\u00e1n hechos e materiales biocompatibles cohesivos, en el momento en que se sospeche y se verifique una ruptura deben ser reemplazados. Despu\u00e9s de los 10 a\u00f1os de colocaci\u00f3n se debe hacer un seguimiento peri\u00f3dico para verificar su integridad. Seg\u00fan recomendaci\u00f3n de los entes reguladores en salud los implantes de marce P.I.P deben ser monitoreados y de ser necesario reemplazados, aunque personalmente siempre sugiero su extracci\u00f3n .En caso de presentarse contractura capsular que no mejora con otros tratamientos es necesario cambiar el tipo de implante para lo cual suele usarse implantes recubiertos e poliuretano que reducen el riego de contractura.<\/p>\n<\/div><\/div><\/div><\/div><\/div><div class=\"fusion-sep-clear\"><\/div><div class=\"fusion-separator fusion-has-icon fusion-full-width-sep\" style=\"margin-left: auto;margin-right: auto;margin-top:35px;margin-bottom:35px;width:100%;\"><div class=\"fusion-separator-border sep-double sep-solid\" style=\"--awb-height:20px;--awb-amount:20px;--awb-sep-color:#03a9f4;border-color:#03a9f4;border-top-width:1px;border-bottom-width:1px;\"><\/div><span class=\"icon-wrapper\" style=\"border-color:#03a9f4;background-color:rgba(255,255,255,0);font-size:15px;width: 1.75em; height: 1.75em;border-width:1px;padding:1px;\"><i class=\" fa fa-picture-o\" style=\"font-size: inherit;color:#03a9f4;\" aria-hidden=\"true\"><\/i><\/span><div class=\"fusion-separator-border sep-double sep-solid\" style=\"--awb-height:20px;--awb-amount:20px;--awb-sep-color:#03a9f4;border-color:#03a9f4;border-top-width:1px;border-bottom-width:1px;\"><\/div><\/div><div class=\"fusion-sep-clear\"><\/div><div class=\"fusion-text fusion-text-3\"><p style=\"text-align: center; font-size: 22px;\"><span style=\"color: #1f98c9;\"><strong>Algunos de mis pacientes<\/strong><\/span><\/p>\n<\/div><div class=\"fusion-clearfix\"><\/div><\/div><\/div><div class=\"fusion-layout-column fusion_builder_column fusion-builder-column-3 fusion_builder_column_1_3 1_3 fusion-one-third fusion-column-first\" style=\"--awb-bg-size:cover;width:33.333333333333%;width:calc(33.333333333333% - ( ( 4% + 4% ) * 0.33333333333333 ) );margin-right: 4%;\"><div class=\"fusion-column-wrapper fusion-flex-column-wrapper-legacy\"><a class=\"awb-lightbox awb-lightbox-1\" href=\"https:\/\/alidasantamaria.com\/web\/wp-content\/uploads\/2017\/06\/Dra-alida-santamaria-mamoplastia-aumento-1.jpg\" data-rel=\"iLightbox\"><img decoding=\"async\" src=\"https:\/\/alidasantamaria.com\/web\/wp-content\/uploads\/2017\/06\/Dra-alida-santamaria-mamoplastia-aumento-1-300x158.jpg\"><\/a><div class=\"fusion-clearfix\"><\/div><\/div><\/div><div class=\"fusion-layout-column fusion_builder_column fusion-builder-column-4 fusion_builder_column_1_3 1_3 fusion-one-third\" style=\"--awb-bg-size:cover;width:33.333333333333%;width:calc(33.333333333333% - ( ( 4% + 4% ) * 0.33333333333333 ) );margin-right: 4%;\"><div class=\"fusion-column-wrapper fusion-flex-column-wrapper-legacy\"><a class=\"awb-lightbox awb-lightbox-2\" href=\"https:\/\/alidasantamaria.com\/web\/wp-content\/uploads\/2017\/06\/Dra-alida-santamaria-mamoplastia-aumento-2.jpg\" data-rel=\"iLightbox\"><img decoding=\"async\" src=\"https:\/\/alidasantamaria.com\/web\/wp-content\/uploads\/2017\/06\/Dra-alida-santamaria-mamoplastia-aumento-2-300x158.jpg\"><\/a><div class=\"fusion-clearfix\"><\/div><\/div><\/div><div class=\"fusion-layout-column fusion_builder_column fusion-builder-column-5 fusion_builder_column_1_3 1_3 fusion-one-third fusion-column-last\" style=\"--awb-bg-size:cover;width:33.333333333333%;width:calc(33.333333333333% - ( ( 4% + 4% ) * 0.33333333333333 ) );\"><div class=\"fusion-column-wrapper fusion-flex-column-wrapper-legacy\"><a class=\"awb-lightbox awb-lightbox-3\" href=\"https:\/\/alidasantamaria.com\/web\/wp-content\/uploads\/2017\/06\/Dra-alida-santamaria-mamoplastia-aumento-3.jpg\" data-rel=\"iLightbox\"><img decoding=\"async\" src=\"https:\/\/alidasantamaria.com\/web\/wp-content\/uploads\/2017\/06\/Dra-alida-santamaria-mamoplastia-aumento-3-300x158.jpg\"><\/a><div class=\"fusion-clearfix\"><\/div><\/div><\/div><div class=\"fusion-layout-column fusion_builder_column fusion-builder-column-6 fusion_builder_column_1_3 1_3 fusion-one-third fusion-column-first\" style=\"--awb-bg-size:cover;width:33.333333333333%;width:calc(33.333333333333% - ( ( 4% + 4% ) * 0.33333333333333 ) );margin-right: 4%;\"><div class=\"fusion-column-wrapper fusion-flex-column-wrapper-legacy\"><a class=\"awb-lightbox awb-lightbox-4\" href=\"https:\/\/alidasantamaria.com\/web\/wp-content\/uploads\/2017\/06\/Dra-alida-santamaria-mamoplastia-aumento-4.jpg\" data-rel=\"iLightbox\"><img decoding=\"async\" src=\"https:\/\/alidasantamaria.com\/web\/wp-content\/uploads\/2017\/06\/Dra-alida-santamaria-mamoplastia-aumento-4-300x158.jpg\"><\/a><div class=\"fusion-clearfix\"><\/div><\/div><\/div><div class=\"fusion-layout-column fusion_builder_column fusion-builder-column-7 fusion_builder_column_1_3 1_3 fusion-one-third\" style=\"--awb-bg-size:cover;width:33.333333333333%;width:calc(33.333333333333% - ( ( 4% + 4% ) * 0.33333333333333 ) );margin-right: 4%;\"><div class=\"fusion-column-wrapper fusion-flex-column-wrapper-legacy\"><a class=\"awb-lightbox awb-lightbox-5\" href=\"https:\/\/alidasantamaria.com\/web\/wp-content\/uploads\/2017\/06\/Dra-alida-santamaria-mamoplastia-aumento-5.jpg\" data-rel=\"iLightbox\"><img decoding=\"async\" src=\"https:\/\/alidasantamaria.com\/web\/wp-content\/uploads\/2017\/06\/Dra-alida-santamaria-mamoplastia-aumento-5-300x158.jpg\"><\/a><div class=\"fusion-clearfix\"><\/div><\/div><\/div><div class=\"fusion-layout-column fusion_builder_column fusion-builder-column-8 fusion_builder_column_1_3 1_3 fusion-one-third fusion-column-last\" style=\"--awb-bg-size:cover;width:33.333333333333%;width:calc(33.333333333333% - ( ( 4% + 4% ) * 0.33333333333333 ) );\"><div class=\"fusion-column-wrapper fusion-flex-column-wrapper-legacy\"><a class=\"awb-lightbox awb-lightbox-6\" href=\"https:\/\/alidasantamaria.com\/web\/wp-content\/uploads\/2017\/06\/Dra-alida-santamaria-mamoplastia-aumento-6.jpg\" data-rel=\"iLightbox\"><img decoding=\"async\" src=\"https:\/\/alidasantamaria.com\/web\/wp-content\/uploads\/2017\/06\/Dra-alida-santamaria-mamoplastia-aumento-6-300x158.jpg\"><\/a><div class=\"fusion-clearfix\"><\/div><\/div><\/div><div class=\"fusion-layout-column fusion_builder_column fusion-builder-column-9 fusion_builder_column_1_3 1_3 fusion-one-third fusion-column-first\" style=\"--awb-bg-size:cover;width:33.333333333333%;width:calc(33.333333333333% - ( ( 4% + 4% ) * 0.33333333333333 ) );margin-right: 4%;\"><div class=\"fusion-column-wrapper fusion-flex-column-wrapper-legacy\"><a class=\"awb-lightbox awb-lightbox-7\" href=\"https:\/\/alidasantamaria.com\/web\/wp-content\/uploads\/2017\/06\/Dra-alida-santamaria-mamoplastia-aumento-7.jpg\" data-rel=\"iLightbox\"><img decoding=\"async\" src=\"https:\/\/alidasantamaria.com\/web\/wp-content\/uploads\/2017\/06\/Dra-alida-santamaria-mamoplastia-aumento-7-300x158.jpg\"><\/a><div class=\"fusion-clearfix\"><\/div><\/div><\/div><div class=\"fusion-layout-column fusion_builder_column fusion-builder-column-10 fusion_builder_column_1_3 1_3 fusion-one-third\" style=\"--awb-bg-size:cover;width:33.333333333333%;width:calc(33.333333333333% - ( ( 4% + 4% ) * 0.33333333333333 ) );margin-right: 4%;\"><div class=\"fusion-column-wrapper fusion-flex-column-wrapper-legacy\"><a class=\"awb-lightbox awb-lightbox-8\" href=\"https:\/\/alidasantamaria.com\/web\/wp-content\/uploads\/2017\/06\/Dra-alida-santamaria-mamoplastia-aumento-8.jpg\" data-rel=\"iLightbox\"><img decoding=\"async\" src=\"https:\/\/alidasantamaria.com\/web\/wp-content\/uploads\/2017\/06\/Dra-alida-santamaria-mamoplastia-aumento-8-300x158.jpg\"><\/a><div class=\"fusion-clearfix\"><\/div><\/div><\/div><div class=\"fusion-layout-column fusion_builder_column fusion-builder-column-11 fusion_builder_column_1_3 1_3 fusion-one-third fusion-column-last\" style=\"--awb-bg-size:cover;width:33.333333333333%;width:calc(33.333333333333% - ( ( 4% + 4% ) * 0.33333333333333 ) );\"><div class=\"fusion-column-wrapper fusion-flex-column-wrapper-legacy\"><a class=\"awb-lightbox awb-lightbox-9\" href=\"https:\/\/alidasantamaria.com\/web\/wp-content\/uploads\/2017\/06\/Dra-alida-santamaria-mamoplastia-aumento-9.jpg\" data-rel=\"iLightbox\"><img decoding=\"async\" src=\"https:\/\/alidasantamaria.com\/web\/wp-content\/uploads\/2017\/06\/Dra-alida-santamaria-mamoplastia-aumento-9-300x158.jpg\"><\/a><div class=\"fusion-clearfix\"><\/div><\/div><\/div><div class=\"fusion-layout-column fusion_builder_column fusion-builder-column-12 fusion_builder_column_1_3 1_3 fusion-one-third fusion-column-first\" style=\"--awb-bg-size:cover;width:33.333333333333%;width:calc(33.333333333333% - ( ( 4% + 4% ) * 0.33333333333333 ) );margin-right: 4%;\"><div class=\"fusion-column-wrapper fusion-flex-column-wrapper-legacy\"><a class=\"awb-lightbox awb-lightbox-10\" href=\"https:\/\/alidasantamaria.com\/web\/wp-content\/uploads\/2017\/06\/Dra-alida-santamaria-mamoplastia-aumento-10.jpg\" data-rel=\"iLightbox\"><img decoding=\"async\" src=\"https:\/\/alidasantamaria.com\/web\/wp-content\/uploads\/2017\/06\/Dra-alida-santamaria-mamoplastia-aumento-10-300x158.jpg\"><\/a><div class=\"fusion-clearfix\"><\/div><\/div><\/div><div class=\"fusion-layout-column fusion_builder_column fusion-builder-column-13 fusion_builder_column_1_3 1_3 fusion-one-third\" style=\"--awb-bg-size:cover;width:33.333333333333%;width:calc(33.333333333333% - ( ( 4% + 4% ) * 0.33333333333333 ) );margin-right: 4%;\"><div class=\"fusion-column-wrapper fusion-flex-column-wrapper-legacy\"><div class=\"fusion-clearfix\"><\/div><\/div><\/div><div class=\"fusion-layout-column fusion_builder_column fusion-builder-column-14 fusion_builder_column_1_3 1_3 fusion-one-third fusion-column-last\" style=\"--awb-bg-size:cover;width:33.333333333333%;width:calc(33.333333333333% - ( ( 4% + 4% ) * 0.33333333333333 ) );\"><div class=\"fusion-column-wrapper fusion-flex-column-wrapper-legacy\"><div class=\"fusion-clearfix\"><\/div><\/div><\/div><\/div><\/div>\n","protected":false},"excerpt":{"rendered":"","protected":false},"author":1,"featured_media":0,"parent":0,"menu_order":0,"comment_status":"open","ping_status":"open","template":"","meta":{"footnotes":""},"class_list":["post-1562","page","type-page","status-publish","hentry"],"_links":{"self":[{"href":"https:\/\/alidasantamaria.com\/web\/wp-json\/wp\/v2\/pages\/1562","targetHints":{"allow":["GET"]}}],"collection":[{"href":"https:\/\/alidasantamaria.com\/web\/wp-json\/wp\/v2\/pages"}],"about":[{"href":"https:\/\/alidasantamaria.com\/web\/wp-json\/wp\/v2\/types\/page"}],"author":[{"embeddable":true,"href":"https:\/\/alidasantamaria.com\/web\/wp-json\/wp\/v2\/users\/1"}],"replies":[{"embeddable":true,"href":"https:\/\/alidasantamaria.com\/web\/wp-json\/wp\/v2\/comments?post=1562"}],"version-history":[{"count":18,"href":"https:\/\/alidasantamaria.com\/web\/wp-json\/wp\/v2\/pages\/1562\/revisions"}],"predecessor-version":[{"id":2242,"href":"https:\/\/alidasantamaria.com\/web\/wp-json\/wp\/v2\/pages\/1562\/revisions\/2242"}],"wp:attachment":[{"href":"https:\/\/alidasantamaria.com\/web\/wp-json\/wp\/v2\/media?parent=1562"}],"curies":[{"name":"wp","href":"https:\/\/api.w.org\/{rel}","templated":true}]}}