{"id":1552,"date":"2014-01-25T19:12:13","date_gmt":"2014-01-25T19:12:13","guid":{"rendered":"https:\/\/alidasantamaria.com\/web\/?page_id=1552"},"modified":"2014-05-16T19:47:16","modified_gmt":"2014-05-16T19:47:16","slug":"publicaciones-cientificas-y-conferencias","status":"publish","type":"page","link":"https:\/\/alidasantamaria.com\/web\/quien-es\/publicaciones-cientificas-y-conferencias\/","title":{"rendered":"Publicaciones Cient\u00edficas y Conferencias"},"content":{"rendered":"<ul class=\"circle-checkmark\">\n<li><strong>Total Face Reconstruction with One Free Flap Is It Worth It?<\/strong><\/li>\n<\/ul>\n<p>Luis Eduardo Bermudez, Alida Santamaria. Presentado en el Congreso Americano de Cirug\u00eda Pl\u00e1stica en los Angeles California, Septiembre de 2000. Publicado en los Abstracs del mismo <\/p>\n<ul class=\"circle-checkmark\">\n<li><strong>Experimental Model of Facial Transplant<\/strong><\/li>\n<\/ul>\n<p>Eduardo Berm\u00fadez, Luis M.D.; Santamar\u00eda, Alida M.D.; Romero, Tomas M.D.<br \/>\nPlastic and Reconstructive Surgery: October 2002 &#8211; Volume 110 &#8211; Issue 5 &#8211; pp 1374-1375\n<\/p>\n<p><strong>Nota<\/strong>: Primer publicaci\u00f3n cient\u00edfica en el mundo sobre la posibilidad del transplante de cara. <\/p>\n<ul class=\"circle-checkmark\">\n<li><strong>Modelo Experimental para el Transplante de Cara<\/strong><\/li>\n<\/ul>\n<p>Presentado al XI premio Aventis  &#8211; Academia Nacional de Medicina en Junio del 2000. <\/p>\n<ul class=\"circle-checkmark\">\n<li><strong>Tesis de Grado: Colgajo Neurocut\u00e1neo de Flujo Reverso para la Reconstrucci\u00f3n del Miembro Superior. <\/strong><\/li>\n<\/ul>\n<p>Noviembre del 2000. Publicado en la Revista Colombiana de Cirug\u00eda Pl\u00e1stica en Diciembre del 2000.<\/p>\n<ul class=\"circle-checkmark\">\n<li><strong>Reducci\u00f3n mamaria con t\u00e9cnica lateral, c\u00f3mo reducir cicatrices<\/strong><\/li>\n<\/ul>\n<p>Coautor. Presentado en el IV simposium de Cirug\u00eda Est\u00e9tica del Seno y del Contorno Corporal, Actualizaci\u00f3n del Milenio. Santaf\u00e9 de Bogot\u00e1, Febrero 16 y 17 del 2001.<\/p>\n<ul class=\"circle-checkmark\">\n<li><strong>Clasificaci\u00f3n y T\u00e9cnicas de las Dermolipectom\u00edas Abdominales<\/strong><\/li>\n<\/ul>\n<p>Coautor. Presentado en el IV Simposium de Cirug\u00eda Est\u00e9tica del Seno y del Contorno Corporal, Actualizaci\u00f3n del milenio. Santaf\u00e9 de Bogot\u00e1, Febrero 16 y 17 de 2001<\/p>\n<ul class=\"circle-checkmark\">\n<li><strong>Manejo de Heridas Complejas<\/strong><\/li>\n<\/ul>\n<p>Conferenciasta. Primer Symposium de actualizaci\u00f3n en Cirugia Plastica para Medicos Generales. Clinica San Pedro Claver 2004.<\/p>\n<ul class=\"circle-checkmark\">\n<li><strong>Manejo de Heridas en Urgencias<\/strong><\/li>\n<\/ul>\n<p>Santamaria, Alida MD.; Didi, Mario.  Publicado en Revista Facultad de Medicina Universidad del Tolima 2007.<\/p>\n","protected":false},"excerpt":{"rendered":"<p>Total Face Reconstruction with One Free Flap Is It Worth It? Luis Eduardo Bermudez, Alida Santamaria. Presentado en el Congreso Americano de Cirug\u00eda Pl\u00e1stica en los Angeles California, Septiembre de 2000. Publicado en los Abstracs del mismo Experimental Model of Facial Transplant Eduardo Berm\u00fadez, Luis M.D.; Santamar\u00eda, Alida M.D.; Romero, Tomas M.D. Plastic and Reconstructive  [&#8230;]<\/p>\n","protected":false},"author":1,"featured_media":0,"parent":1506,"menu_order":0,"comment_status":"open","ping_status":"open","template":"","meta":{"footnotes":""},"class_list":["post-1552","page","type-page","status-publish","hentry"],"_links":{"self":[{"href":"https:\/\/alidasantamaria.com\/web\/wp-json\/wp\/v2\/pages\/1552","targetHints":{"allow":["GET"]}}],"collection":[{"href":"https:\/\/alidasantamaria.com\/web\/wp-json\/wp\/v2\/pages"}],"about":[{"href":"https:\/\/alidasantamaria.com\/web\/wp-json\/wp\/v2\/types\/page"}],"author":[{"embeddable":true,"href":"https:\/\/alidasantamaria.com\/web\/wp-json\/wp\/v2\/users\/1"}],"replies":[{"embeddable":true,"href":"https:\/\/alidasantamaria.com\/web\/wp-json\/wp\/v2\/comments?post=1552"}],"version-history":[{"count":6,"href":"https:\/\/alidasantamaria.com\/web\/wp-json\/wp\/v2\/pages\/1552\/revisions"}],"predecessor-version":[{"id":1717,"href":"https:\/\/alidasantamaria.com\/web\/wp-json\/wp\/v2\/pages\/1552\/revisions\/1717"}],"up":[{"embeddable":true,"href":"https:\/\/alidasantamaria.com\/web\/wp-json\/wp\/v2\/pages\/1506"}],"wp:attachment":[{"href":"https:\/\/alidasantamaria.com\/web\/wp-json\/wp\/v2\/media?parent=1552"}],"curies":[{"name":"wp","href":"https:\/\/api.w.org\/{rel}","templated":true}]}}