{"id":1515,"date":"2014-01-25T17:20:09","date_gmt":"2014-01-25T17:20:09","guid":{"rendered":"https:\/\/alidasantamaria.com\/web\/?page_id=1515"},"modified":"2018-05-03T20:22:49","modified_gmt":"2018-05-03T20:22:49","slug":"blefaroplastia-o-cirugia-de-parpados","status":"publish","type":"page","link":"https:\/\/alidasantamaria.com\/web\/blefaroplastia-o-cirugia-de-parpados\/","title":{"rendered":"Blefaroplastia o Cirug\u00eda de parpados"},"content":{"rendered":"<div class=\"fusion-fullwidth fullwidth-box fusion-builder-row-1 nonhundred-percent-fullwidth non-hundred-percent-height-scrolling\" style=\"--awb-border-radius-top-left:0px;--awb-border-radius-top-right:0px;--awb-border-radius-bottom-right:0px;--awb-border-radius-bottom-left:0px;--awb-flex-wrap:wrap;\" ><div class=\"fusion-builder-row fusion-row\"><div class=\"fusion-layout-column fusion_builder_column fusion-builder-column-0 fusion_builder_column_1_2 1_2 fusion-one-half fusion-column-first\" style=\"--awb-bg-size:cover;width:50%;width:calc(50% - ( ( 4% ) * 0.5 ) );margin-right: 4%;\"><div class=\"fusion-column-wrapper fusion-flex-column-wrapper-legacy\"><div class=\"fusion-video fusion-youtube\" style=\"--awb-max-width:600px;--awb-max-height:360px;\" data-autoplay=\"1\"><div class=\"video-shortcode\"><div class=\"fluid-width-video-wrapper\" style=\"padding-top:60%;\" ><iframe title=\"YouTube video player 1\" src=\"https:\/\/www.youtube.com\/embed\/UTD99Skfrbs?wmode=transparent&autoplay=0&oida=1\" width=\"600\" height=\"360\" allowfullscreen allow=\"autoplay; clipboard-write; encrypted-media; gyroscope; picture-in-picture;\"><\/iframe><\/div><\/div><\/div><div class=\"fusion-sep-clear\"><\/div><div class=\"fusion-separator fusion-full-width-sep\" style=\"margin-left: auto;margin-right: auto;margin-top:20px;margin-bottom:20px;width:100%;\"><\/div><div class=\"fusion-sep-clear\"><\/div><div class=\"fusion-clearfix\"><\/div><\/div><\/div><div class=\"fusion-layout-column fusion_builder_column fusion-builder-column-1 fusion_builder_column_1_2 1_2 fusion-one-half fusion-column-last\" style=\"--awb-bg-size:cover;--awb-margin-bottom:0px;width:50%;width:calc(50% - ( ( 4% ) * 0.5 ) );\"><div class=\"fusion-column-wrapper fusion-flex-column-wrapper-legacy\"><div class=\"fusion-text fusion-text-1\"><p>Procedimiento encaminado a retirar la piel y las bolsas de los parpados superiores y\/o inferiores. Realizada\u00a0 generalmente con anestesia local y de manera ambulatoria, suele tener una recuperaci\u00f3n r\u00e1pida, con cicatrices camufladas en el pliegue normal de los parpados.<\/p>\n<p>Realizada tanto en hombres como en mujeres es un procedimiento ampliamente difundido\u00a0 hoy en dia para ayudar \u00a0a recuperar el aspecto m\u00e1s juvenil de la mirada.<\/p>\n<p>Para mayor informaci\u00f3n puede consultar las preguntas m\u00e1s frecuentes:<\/p>\n<\/div><div class=\"fusion-clearfix\"><\/div><\/div><\/div><div class=\"fusion-layout-column fusion_builder_column fusion-builder-column-2 fusion_builder_column_1_1 1_1 fusion-one-full fusion-column-first fusion-column-last\" style=\"--awb-bg-size:cover;\"><div class=\"fusion-column-wrapper fusion-flex-column-wrapper-legacy\"><div class=\"accordian fusion-accordian\" style=\"--awb-border-size:1px;--awb-icon-size:13px;--awb-content-font-size:15px;--awb-icon-alignment:left;--awb-hover-color:#f9f9f9;--awb-border-color:#cccccc;--awb-background-color:#ffffff;--awb-divider-color:#e0dede;--awb-divider-hover-color:#e0dede;--awb-icon-color:#ffffff;--awb-title-color:#333333;--awb-content-color:#747474;--awb-icon-box-color:#333333;--awb-toggle-hover-accent-color:#a0ce4e;--awb-title-font-family:&quot;Antic Slab&quot;;--awb-title-font-weight:400;--awb-title-font-style:normal;--awb-content-font-family:&quot;PT Sans&quot;;--awb-content-font-style:normal;--awb-content-font-weight:400;\"><div class=\"panel-group fusion-toggle-icon-boxed\" id=\"accordion-1515-1\"><div class=\"fusion-panel panel-default panel-fd9c5d0e256e0a9ec fusion-toggle-no-divider fusion-toggle-boxed-mode\"><div class=\"panel-heading\"><h4 class=\"panel-title toggle\" id=\"toggle_fd9c5d0e256e0a9ec\"><a class=\"active\" aria-expanded=\"true\" aria-controls=\"fd9c5d0e256e0a9ec\" role=\"button\" data-toggle=\"collapse\" data-parent=\"#accordion-1515-1\" data-target=\"#fd9c5d0e256e0a9ec\" href=\"#fd9c5d0e256e0a9ec\"><span class=\"fusion-toggle-icon-wrapper\" aria-hidden=\"true\"><i class=\"fa-fusion-box active-icon awb-icon-minus\" aria-hidden=\"true\"><\/i><i class=\"fa-fusion-box inactive-icon awb-icon-plus\" aria-hidden=\"true\"><\/i><\/span><span class=\"fusion-toggle-heading\">Blefaroplastia en Hombres<\/span><\/a><\/h4><\/div><div id=\"fd9c5d0e256e0a9ec\" class=\"panel-collapse collapse in\" aria-labelledby=\"toggle_fd9c5d0e256e0a9ec\"><div class=\"panel-body toggle-content fusion-clearfix\">\n<p>Cada vez es m\u00e1s frecuente la consulta de pacientes masculinos para la realizaci\u00f3n de procedimientos que permitan recuperar un aspecto m\u00e1s agradable, juvenil y descansado como es el retiro de las molestas bolsas y piel excedente de los parpados. Esta es una cirug\u00eda que permite mantener la mirada masculina sin cambiar la esencia de su mirada y puede realizarse sola o acompa\u00f1ada de otro procedimientos como correcci\u00f3n de las cejas ca\u00eddas, cantopexia, rejuvenecimiento facial completo o con otras alternativas no quir\u00fargicas como aplicaci\u00f3n de toxina Botul\u00ednica , Acido Hialur\u00f3nico.<\/p>\n<\/div><\/div><\/div><div class=\"fusion-panel panel-default panel-5b6601cbae5d6f839 fusion-toggle-no-divider fusion-toggle-boxed-mode\"><div class=\"panel-heading\"><h4 class=\"panel-title toggle\" id=\"toggle_5b6601cbae5d6f839\"><a aria-expanded=\"false\" aria-controls=\"5b6601cbae5d6f839\" role=\"button\" data-toggle=\"collapse\" data-parent=\"#accordion-1515-1\" data-target=\"#5b6601cbae5d6f839\" href=\"#5b6601cbae5d6f839\"><span class=\"fusion-toggle-icon-wrapper\" aria-hidden=\"true\"><i class=\"fa-fusion-box active-icon awb-icon-minus\" aria-hidden=\"true\"><\/i><i class=\"fa-fusion-box inactive-icon awb-icon-plus\" aria-hidden=\"true\"><\/i><\/span><span class=\"fusion-toggle-heading\">\u00bfEs visible la cicatriz de los parpados?<\/span><\/a><\/h4><\/div><div id=\"5b6601cbae5d6f839\" class=\"panel-collapse collapse \" aria-labelledby=\"toggle_5b6601cbae5d6f839\"><div class=\"panel-body toggle-content fusion-clearfix\">\n<p>Una de las ventajas de la cirug\u00eda de parpados es que la cicatriz suele quedar completamente camuflada en el pliegue normal del parpado superior y debajo de la l\u00ednea de las pesta\u00f1as en el parpado inferior. Si bien en las primeras etapas la cicatriz puede ser rojiza, r\u00e1pidamente y siguiendo el proceso normal de cicatrizaci\u00f3n va quedando casi imperceptible.<\/p>\n<\/div><\/div><\/div><div class=\"fusion-panel panel-default panel-2d54ea400153292b3 fusion-toggle-no-divider fusion-toggle-boxed-mode\"><div class=\"panel-heading\"><h4 class=\"panel-title toggle\" id=\"toggle_2d54ea400153292b3\"><a aria-expanded=\"false\" aria-controls=\"2d54ea400153292b3\" role=\"button\" data-toggle=\"collapse\" data-parent=\"#accordion-1515-1\" data-target=\"#2d54ea400153292b3\" href=\"#2d54ea400153292b3\"><span class=\"fusion-toggle-icon-wrapper\" aria-hidden=\"true\"><i class=\"fa-fusion-box active-icon awb-icon-minus\" aria-hidden=\"true\"><\/i><i class=\"fa-fusion-box inactive-icon awb-icon-plus\" aria-hidden=\"true\"><\/i><\/span><span class=\"fusion-toggle-heading\">\u00bfMejora la visi\u00f3n con la Cirug\u00eda de Parpados?<\/span><\/a><\/h4><\/div><div id=\"2d54ea400153292b3\" class=\"panel-collapse collapse \" aria-labelledby=\"toggle_2d54ea400153292b3\"><div class=\"panel-body toggle-content fusion-clearfix\">\n<p>No, la cirug\u00eda no tiene nada que ver con la correcci\u00f3n de la agudeza visual la cual depende de la funci\u00f3n adecuada de todas las estructuras del ojo como \u00f3rgano de la visi\u00f3n. Lo que si puede mejorar es el campo visual, que es el area perif\u00e9rica que se ve en el area conocida como el rabillo del ojo, que puede recuperarse al retirar la piel de exceso que puede estar haciendo el efecto de una cortina que obstruye la visi\u00f3n perif\u00e9rica muy frecuente con el envejecimiento, con el exceso de piel y con la ca\u00edda de la posici\u00f3n de las cejas, por lo que puede asociarse una correcci\u00f3n de las cejas para dar un tratamiento integral al problema.<\/p>\n<\/div><\/div><\/div><div class=\"fusion-panel panel-default panel-2cb997d86c5269560 fusion-toggle-no-divider fusion-toggle-boxed-mode\"><div class=\"panel-heading\"><h4 class=\"panel-title toggle\" id=\"toggle_2cb997d86c5269560\"><a aria-expanded=\"false\" aria-controls=\"2cb997d86c5269560\" role=\"button\" data-toggle=\"collapse\" data-parent=\"#accordion-1515-1\" data-target=\"#2cb997d86c5269560\" href=\"#2cb997d86c5269560\"><span class=\"fusion-toggle-icon-wrapper\" aria-hidden=\"true\"><i class=\"fa-fusion-box active-icon awb-icon-minus\" aria-hidden=\"true\"><\/i><i class=\"fa-fusion-box inactive-icon awb-icon-plus\" aria-hidden=\"true\"><\/i><\/span><span class=\"fusion-toggle-heading\">\u00bfCu\u00e1les son las Contraindicaciones de la Blefaroplastia o Cirug\u00eda de parpados?<\/span><\/a><\/h4><\/div><div id=\"2cb997d86c5269560\" class=\"panel-collapse collapse \" aria-labelledby=\"toggle_2cb997d86c5269560\"><div class=\"panel-body toggle-content fusion-clearfix\">\n<p>Este procedimiento est\u00e1 contraindicado en pacientes con enfermedades del col\u00e1geno, trastornos de la coagulaci\u00f3n, trastornos psiqui\u00e1tricos, alteraci\u00f3n de de la lubricaci\u00f3n normal del ojo, Infecciones activas entre otras. Sin embargo es la evaluaci\u00f3n m\u00e9dica de cada caso en particular la que dar\u00e1 los par\u00e1metros para definir si es pertinente o no realizar esta cirug\u00eda.<\/p>\n<\/div><\/div><\/div><div class=\"fusion-panel panel-default panel-0b1a18c11070fe246 fusion-toggle-no-divider fusion-toggle-boxed-mode\"><div class=\"panel-heading\"><h4 class=\"panel-title toggle\" id=\"toggle_0b1a18c11070fe246\"><a aria-expanded=\"false\" aria-controls=\"0b1a18c11070fe246\" role=\"button\" data-toggle=\"collapse\" data-parent=\"#accordion-1515-1\" data-target=\"#0b1a18c11070fe246\" href=\"#0b1a18c11070fe246\"><span class=\"fusion-toggle-icon-wrapper\" aria-hidden=\"true\"><i class=\"fa-fusion-box active-icon awb-icon-minus\" aria-hidden=\"true\"><\/i><i class=\"fa-fusion-box inactive-icon awb-icon-plus\" aria-hidden=\"true\"><\/i><\/span><span class=\"fusion-toggle-heading\">\u00bfSe puede realizar la cirug\u00eda de parpados en pacientes j\u00f3venes?<\/span><\/a><\/h4><\/div><div id=\"0b1a18c11070fe246\" class=\"panel-collapse collapse \" aria-labelledby=\"toggle_0b1a18c11070fe246\"><div class=\"panel-body toggle-content fusion-clearfix\">\n<p>Si, en algunos pacientes j\u00f3venes se puede apreciar una protuberancia de las bolsas de grasa sin exceso de piel, en estos casos es posible corregir las bolsas mediante incisiones en la parte interna del parpado lo que hace que no existan cicatrices a la vista.<\/p>\n<\/div><\/div><\/div><\/div><\/div><div class=\"fusion-sep-clear\"><\/div><div class=\"fusion-separator fusion-has-icon fusion-full-width-sep\" style=\"margin-left: auto;margin-right: auto;margin-top:45px;margin-bottom:45px;width:100%;\"><div class=\"fusion-separator-border sep-double sep-solid\" style=\"--awb-height:20px;--awb-amount:20px;--awb-sep-color:#03a9f4;border-color:#03a9f4;border-top-width:2px;border-bottom-width:2px;\"><\/div><span class=\"icon-wrapper\" style=\"border-color:#03a9f4;background-color:rgba(255,255,255,0);font-size:15px;width: 1.75em; height: 1.75em;border-width:2px;padding:2px;\"><i class=\" fa fa-picture-o\" style=\"font-size: inherit;color:#03a9f4;\" aria-hidden=\"true\"><\/i><\/span><div class=\"fusion-separator-border sep-double sep-solid\" style=\"--awb-height:20px;--awb-amount:20px;--awb-sep-color:#03a9f4;border-color:#03a9f4;border-top-width:2px;border-bottom-width:2px;\"><\/div><\/div><div class=\"fusion-sep-clear\"><\/div><div class=\"fusion-title title fusion-title-1 fusion-title-center fusion-title-text fusion-title-size-one\" style=\"--awb-margin-top:35px;--awb-margin-bottom:35px;\"><div class=\"title-sep-container title-sep-container-left\"><div class=\"title-sep sep-double sep-solid\" style=\"border-color:#e0dede;\"><\/div><\/div><span class=\"awb-title-spacer\"><\/span><h1 class=\"fusion-title-heading title-heading-center\" style=\"margin:0;\"><h2 style=\"text-align: center;\"><span style=\"color: #1f98c9;\">Algunos de mis pacientes<\/span><\/h2><\/h1><span class=\"awb-title-spacer\"><\/span><div class=\"title-sep-container title-sep-container-right\"><div class=\"title-sep sep-double sep-solid\" style=\"border-color:#e0dede;\"><\/div><\/div><\/div><div class=\"fusion-clearfix\"><\/div><\/div><\/div><div class=\"fusion-layout-column fusion_builder_column fusion-builder-column-3 fusion_builder_column_1_3 1_3 fusion-one-third fusion-column-first\" style=\"--awb-bg-size:cover;width:33.333333333333%;width:calc(33.333333333333% - ( ( 4% + 4% ) * 0.33333333333333 ) );margin-right: 4%;\"><div class=\"fusion-column-wrapper fusion-flex-column-wrapper-legacy\"><a class=\"awb-lightbox awb-lightbox-1\" href=\"https:\/\/alidasantamaria.com\/web\/wp-content\/uploads\/2017\/06\/Dra-alida-santamaria-blefaroplatia-1.jpg\" data-rel=\"iLightbox\"><img decoding=\"async\" src=\"https:\/\/alidasantamaria.com\/web\/wp-content\/uploads\/2017\/06\/Dra-alida-santamaria-blefaroplatia-1-300x158.jpg\"><\/a><div class=\"fusion-clearfix\"><\/div><\/div><\/div><div class=\"fusion-layout-column fusion_builder_column fusion-builder-column-4 fusion_builder_column_1_3 1_3 fusion-one-third\" style=\"--awb-bg-size:cover;width:33.333333333333%;width:calc(33.333333333333% - ( ( 4% + 4% ) * 0.33333333333333 ) );margin-right: 4%;\"><div class=\"fusion-column-wrapper fusion-flex-column-wrapper-legacy\"><a class=\"awb-lightbox awb-lightbox-2\" href=\"https:\/\/alidasantamaria.com\/web\/wp-content\/uploads\/2017\/06\/Dra-alida-santamaria-blefaroplatia-2.jpg\" data-rel=\"iLightbox\"><img decoding=\"async\" src=\"https:\/\/alidasantamaria.com\/web\/wp-content\/uploads\/2017\/06\/Dra-alida-santamaria-blefaroplatia-2-300x158.jpg\"><\/a><div class=\"fusion-clearfix\"><\/div><\/div><\/div><div class=\"fusion-layout-column fusion_builder_column fusion-builder-column-5 fusion_builder_column_1_3 1_3 fusion-one-third fusion-column-last\" style=\"--awb-bg-size:cover;width:33.333333333333%;width:calc(33.333333333333% - ( ( 4% + 4% ) * 0.33333333333333 ) );\"><div class=\"fusion-column-wrapper fusion-flex-column-wrapper-legacy\"><a class=\"awb-lightbox awb-lightbox-3\" href=\"https:\/\/alidasantamaria.com\/web\/wp-content\/uploads\/2017\/06\/Dra-alida-santamaria-blefaroplatia-3.jpg\" data-rel=\"iLightbox\"><img decoding=\"async\" src=\"https:\/\/alidasantamaria.com\/web\/wp-content\/uploads\/2017\/06\/Dra-alida-santamaria-blefaroplatia-3-300x158.jpg\"><\/a><div class=\"fusion-clearfix\"><\/div><\/div><\/div><div class=\"fusion-layout-column fusion_builder_column fusion-builder-column-6 fusion_builder_column_1_3 1_3 fusion-one-third fusion-column-first\" style=\"--awb-bg-size:cover;width:33.333333333333%;width:calc(33.333333333333% - ( ( 4% + 4% ) * 0.33333333333333 ) );margin-right: 4%;\"><div class=\"fusion-column-wrapper fusion-flex-column-wrapper-legacy\"><a class=\"awb-lightbox awb-lightbox-4\" href=\"https:\/\/alidasantamaria.com\/web\/wp-content\/uploads\/2017\/06\/Dra-alida-santamaria-blefaroplatia-4.jpg\" data-rel=\"iLightbox\"><img decoding=\"async\" src=\"https:\/\/alidasantamaria.com\/web\/wp-content\/uploads\/2017\/06\/Dra-alida-santamaria-blefaroplatia-4-300x158.jpg\"><\/a><div class=\"fusion-clearfix\"><\/div><\/div><\/div><div class=\"fusion-layout-column fusion_builder_column fusion-builder-column-7 fusion_builder_column_1_3 1_3 fusion-one-third\" style=\"--awb-bg-size:cover;width:33.333333333333%;width:calc(33.333333333333% - ( ( 4% + 4% ) * 0.33333333333333 ) );margin-right: 4%;\"><div class=\"fusion-column-wrapper fusion-flex-column-wrapper-legacy\"><a class=\"awb-lightbox awb-lightbox-5\" href=\"https:\/\/alidasantamaria.com\/web\/wp-content\/uploads\/2017\/06\/Dra-alida-santamaria-blefaroplatia-5.jpg\" data-rel=\"iLightbox\"><img decoding=\"async\" src=\"https:\/\/alidasantamaria.com\/web\/wp-content\/uploads\/2017\/06\/Dra-alida-santamaria-blefaroplatia-5-300x158.jpg\"><\/a><div class=\"fusion-clearfix\"><\/div><\/div><\/div><div class=\"fusion-layout-column fusion_builder_column fusion-builder-column-8 fusion_builder_column_1_3 1_3 fusion-one-third fusion-column-last\" style=\"--awb-bg-size:cover;width:33.333333333333%;width:calc(33.333333333333% - ( ( 4% + 4% ) * 0.33333333333333 ) );\"><div class=\"fusion-column-wrapper fusion-flex-column-wrapper-legacy\"><div class=\"fusion-clearfix\"><\/div><\/div><\/div><\/div><\/div>\n","protected":false},"excerpt":{"rendered":"","protected":false},"author":1,"featured_media":0,"parent":0,"menu_order":0,"comment_status":"open","ping_status":"open","template":"","meta":{"footnotes":""},"class_list":["post-1515","page","type-page","status-publish","hentry"],"_links":{"self":[{"href":"https:\/\/alidasantamaria.com\/web\/wp-json\/wp\/v2\/pages\/1515","targetHints":{"allow":["GET"]}}],"collection":[{"href":"https:\/\/alidasantamaria.com\/web\/wp-json\/wp\/v2\/pages"}],"about":[{"href":"https:\/\/alidasantamaria.com\/web\/wp-json\/wp\/v2\/types\/page"}],"author":[{"embeddable":true,"href":"https:\/\/alidasantamaria.com\/web\/wp-json\/wp\/v2\/users\/1"}],"replies":[{"embeddable":true,"href":"https:\/\/alidasantamaria.com\/web\/wp-json\/wp\/v2\/comments?post=1515"}],"version-history":[{"count":24,"href":"https:\/\/alidasantamaria.com\/web\/wp-json\/wp\/v2\/pages\/1515\/revisions"}],"predecessor-version":[{"id":2150,"href":"https:\/\/alidasantamaria.com\/web\/wp-json\/wp\/v2\/pages\/1515\/revisions\/2150"}],"wp:attachment":[{"href":"https:\/\/alidasantamaria.com\/web\/wp-json\/wp\/v2\/media?parent=1515"}],"curies":[{"name":"wp","href":"https:\/\/api.w.org\/{rel}","templated":true}]}}